{"id":2216,"date":"2025-01-08T17:52:40","date_gmt":"2025-01-08T14:52:40","guid":{"rendered":"https:\/\/tarif-pro.de\/?page_id=2216"},"modified":"2025-04-04T15:00:39","modified_gmt":"2025-04-04T12:00:39","slug":"allgemeine-informationen","status":"publish","type":"page","link":"https:\/\/tarif-pro.de\/\/allgemeine-informationen\/","title":{"rendered":"Allgemeine Informationen"},"content":{"rendered":"\t\t<div data-elementor-type=\"wp-page\" data-elementor-id=\"2216\" class=\"elementor elementor-2216\" data-elementor-post-type=\"page\">\n\t\t\t\t<div class=\"elementor-element elementor-element-c9e4b85 e-con-full e-flex e-con e-parent\" data-id=\"c9e4b85\" data-element_type=\"container\">\n\t\t<div class=\"elementor-element elementor-element-db282ef e-con-full e-flex e-con e-child\" data-id=\"db282ef\" data-element_type=\"container\" data-settings=\"{&quot;background_background&quot;:&quot;classic&quot;}\">\n\t\t\t\t<div class=\"elementor-element elementor-element-27b50c6 elementor-widget elementor-widget-heading\" data-id=\"27b50c6\" data-element_type=\"widget\" data-widget_type=\"heading.default\">\n\t\t\t\t<div class=\"elementor-widget-container\">\n\t\t\t\t\t<h2 class=\"elementor-heading-title elementor-size-default\">Allgemeine Informationen<\/h2>\t\t\t\t<\/div>\n\t\t\t\t<\/div>\n\t\t\t\t<\/div>\n\t\t\t\t<\/div>\n\t\t<div class=\"elementor-element elementor-element-4ad7d67 e-con-full e-flex e-con e-child\" data-id=\"4ad7d67\" data-element_type=\"container\">\n\t\t<div class=\"elementor-element elementor-element-68fc3ed e-con-full e-flex e-con e-child\" data-id=\"68fc3ed\" data-element_type=\"container\">\n\t\t\t\t<div class=\"elementor-element elementor-element-3d58c22 elementor-widget elementor-widget-heading\" data-id=\"3d58c22\" data-element_type=\"widget\" data-widget_type=\"heading.default\">\n\t\t\t\t<div class=\"elementor-widget-container\">\n\t\t\t\t\t<h2 class=\"elementor-heading-title elementor-size-default\">1. Allgemeine Informationen<\/h2>\t\t\t\t<\/div>\n\t\t\t\t<\/div>\n\t\t\t\t<div class=\"elementor-element elementor-element-c373c76 elementor-widget elementor-widget-text-editor\" data-id=\"c373c76\" data-element_type=\"widget\" data-widget_type=\"text-editor.default\">\n\t\t\t\t<div class=\"elementor-widget-container\">\n\t\t\t\t\t\t\t\t\t<p style=\"text-align: justify;\">Wir, die Tarif Pro GbR (im Folgenden \u201ewir\u201c oder \u201euns\u201c), nehmen den Schutz Ihrer pers\u00f6nlichen Daten sehr ernst. Wir m\u00f6chten, dass Sie sich beim Besuch unserer Website und der Nutzung unserer Dienste sicher und wohl f\u00fchlen. Der Schutz Ihrer Privatsph\u00e4re ist uns ein wichtiges Anliegen, und wir m\u00f6chten Sie transparent und umfassend dar\u00fcber informieren, wie wir mit Ihren personenbezogenen Daten umgehen.<\/p><p style=\"text-align: justify;\">Diese Datenschutzerkl\u00e4rung erl\u00e4utert, welche personenbezogenen Daten wir im Rahmen unserer Dienstleistungen erheben, zu welchem Zweck diese Daten verarbeitet werden, wie lange wir diese speichern und welche Rechte Sie als betroffene Person in Bezug auf Ihre Daten haben. Sie beschreibt auch, wie Sie Ihre Rechte aus\u00fcben k\u00f6nnen und wie wir Ihre Daten sch\u00fctzen.<\/p><p style=\"text-align: justify;\">Die Verarbeitung Ihrer personenbezogenen Daten erfolgt stets im Einklang mit den geltenden Datenschutzvorschriften, insbesondere der Datenschutz-Grundverordnung (DSGVO) der Europ\u00e4ischen Union sowie des Bundesdatenschutzgesetzes (BDSG). Wir treffen alle notwendigen technischen und organisatorischen Ma\u00dfnahmen, um Ihre Daten vor unbefugtem Zugriff, Verlust oder Zerst\u00f6rung zu sch\u00fctzen.<\/p>\t\t\t\t\t\t\t\t<\/div>\n\t\t\t\t<\/div>\n\t\t\t\t<\/div>\n\t\t<div class=\"elementor-element elementor-element-ff6752a e-con-full e-flex e-con e-child\" data-id=\"ff6752a\" data-element_type=\"container\">\n\t\t\t\t<div class=\"elementor-element elementor-element-c505269 elementor-widget elementor-widget-heading\" data-id=\"c505269\" data-element_type=\"widget\" data-widget_type=\"heading.default\">\n\t\t\t\t<div class=\"elementor-widget-container\">\n\t\t\t\t\t<h2 class=\"elementor-heading-title elementor-size-default\">1.1 Verantwortliche Stelle<\/h2>\t\t\t\t<\/div>\n\t\t\t\t<\/div>\n\t\t\t\t<div class=\"elementor-element elementor-element-0f4f9a6 elementor-widget elementor-widget-text-editor\" data-id=\"0f4f9a6\" data-element_type=\"widget\" data-widget_type=\"text-editor.default\">\n\t\t\t\t<div class=\"elementor-widget-container\">\n\t\t\t\t\t\t\t\t\t<p>Verantwortlich f\u00fcr die Datenverarbeitung auf dieser Website und im Rahmen der von uns angebotenen Dienste ist:<br \/><strong>Tarif Pro GbR<br \/><\/strong>Inhaber: Youssef Shamseddin &amp; Nouri Allaf<br \/>Bergstr. 53a, 32547 Bad Oeynhausen, Deutschland<br \/>Telefon: <a href=\"tel:+491706668906\">+49 170 6668906<\/a><br \/>E-Mail:<a href=\"mailto:info@tarif-pro.de\"> info@tarif-pro.de<\/a><\/p><p>Falls Sie Fragen zur Verarbeitung Ihrer personenbezogenen Daten haben oder Ihre Rechte in Bezug auf den Datenschutz aus\u00fcben m\u00f6chten, k\u00f6nnen Sie uns jederzeit \u00fcber die oben angegebene Kontaktadresse erreichen.<\/p>\t\t\t\t\t\t\t\t<\/div>\n\t\t\t\t<\/div>\n\t\t\t\t<\/div>\n\t\t<div class=\"elementor-element elementor-element-7bf8527 e-con-full e-flex e-con e-child\" data-id=\"7bf8527\" data-element_type=\"container\">\n\t\t\t\t<div class=\"elementor-element elementor-element-91ae427 elementor-widget elementor-widget-heading\" data-id=\"91ae427\" data-element_type=\"widget\" data-widget_type=\"heading.default\">\n\t\t\t\t<div class=\"elementor-widget-container\">\n\t\t\t\t\t<h2 class=\"elementor-heading-title elementor-size-default\">1.2 Zwecke der Datenverarbeitung<\/h2>\t\t\t\t<\/div>\n\t\t\t\t<\/div>\n\t\t\t\t<div class=\"elementor-element elementor-element-556a3b7 elementor-widget elementor-widget-text-editor\" data-id=\"556a3b7\" data-element_type=\"widget\" data-widget_type=\"text-editor.default\">\n\t\t\t\t<div class=\"elementor-widget-container\">\n\t\t\t\t\t\t\t\t\t<p>Die Erhebung und Verarbeitung Ihrer personenbezogenen Daten erfolgt zu folgenden Zwecken:<\/p><ul><li><strong>Erbringung unserer Dienstleistungen<\/strong>: Um Ihnen die Vergleiche und Vermittlung von Versicherungen, Energie-, Mobilfunk- und DSL-Tarifen anzubieten.<\/li><li><strong>Vertragserf\u00fcllung<\/strong>: Zur Durchf\u00fchrung von Vertr\u00e4gen, die Sie mit uns oder den jeweiligen Drittanbietern abschlie\u00dfen.<\/li><li><strong>Kommunikation<\/strong>: Um mit Ihnen in Kontakt zu treten und auf Ihre Anfragen oder Anliegen zu antworten.<\/li><li><strong>Optimierung der Plattform<\/strong>: Um unsere Website und Dienste zu verbessern und die Benutzerfreundlichkeit zu erh\u00f6hen.<\/li><li><strong>Rechtliche Verpflichtungen<\/strong>: Zur Erf\u00fcllung von rechtlichen Pflichten, etwa zur Bek\u00e4mpfung von Betrug oder zur Sicherstellung der rechtm\u00e4\u00dfigen Nutzung der Plattform.<\/li><\/ul>\t\t\t\t\t\t\t\t<\/div>\n\t\t\t\t<\/div>\n\t\t\t\t<\/div>\n\t\t<div class=\"elementor-element elementor-element-9ded389 e-con-full e-flex e-con e-child\" data-id=\"9ded389\" data-element_type=\"container\">\n\t\t\t\t<div class=\"elementor-element elementor-element-bf97b74 elementor-widget elementor-widget-heading\" data-id=\"bf97b74\" data-element_type=\"widget\" data-widget_type=\"heading.default\">\n\t\t\t\t<div class=\"elementor-widget-container\">\n\t\t\t\t\t<h2 class=\"elementor-heading-title elementor-size-default\">1.3 Rechtsgrundlagen der Verarbeitung<\/h2>\t\t\t\t<\/div>\n\t\t\t\t<\/div>\n\t\t\t\t<div class=\"elementor-element elementor-element-e122318 elementor-widget elementor-widget-text-editor\" data-id=\"e122318\" data-element_type=\"widget\" data-widget_type=\"text-editor.default\">\n\t\t\t\t<div class=\"elementor-widget-container\">\n\t\t\t\t\t\t\t\t\t<p>Die Verarbeitung Ihrer personenbezogenen Daten erfolgt auf Basis der folgenden Rechtsgrundlagen gem\u00e4\u00df der Datenschutz-Grundverordnung (DSGVO):<\/p><ul><li><strong>Vertragserf\u00fcllung<\/strong> (Art. 6 Abs. 1 lit. b DSGVO): Die Verarbeitung ist erforderlich, um den Vertrag mit Ihnen zu erf\u00fcllen, insbesondere zur Erbringung unserer Dienstleistungen.<\/li><li><strong>Einwilligung<\/strong> (Art. 6 Abs. 1 lit. a DSGVO): In einigen F\u00e4llen holen wir Ihre ausdr\u00fcckliche Zustimmung zur Verarbeitung Ihrer Daten ein (z. B. f\u00fcr den Versand von Newslettern).<\/li><li><strong>Berechtigte Interessen<\/strong> (Art. 6 Abs. 1 lit. f DSGVO): Wir haben ein berechtigtes Interesse an der Verarbeitung Ihrer Daten zur Verbesserung unserer Dienste und zur Durchf\u00fchrung von Marketingma\u00dfnahmen.<\/li><li><strong>Erf\u00fcllung rechtlicher Verpflichtungen<\/strong> (Art. 6 Abs. 1 lit. c DSGVO): Wir verarbeiten Ihre Daten auch zur Erf\u00fcllung gesetzlicher Verpflichtungen, wie etwa zur Aufbewahrung von Daten im Einklang mit steuerrechtlichen Vorschriften.<\/li><\/ul>\t\t\t\t\t\t\t\t<\/div>\n\t\t\t\t<\/div>\n\t\t\t\t<\/div>\n\t\t<div class=\"elementor-element elementor-element-c8423d8 e-con-full e-flex e-con e-child\" data-id=\"c8423d8\" data-element_type=\"container\">\n\t\t\t\t<div class=\"elementor-element elementor-element-227d3c0 elementor-widget elementor-widget-heading\" data-id=\"227d3c0\" data-element_type=\"widget\" data-widget_type=\"heading.default\">\n\t\t\t\t<div class=\"elementor-widget-container\">\n\t\t\t\t\t<h2 class=\"elementor-heading-title elementor-size-default\">1.4 Dauer der Datenaufbewahrung<\/h2>\t\t\t\t<\/div>\n\t\t\t\t<\/div>\n\t\t\t\t<div class=\"elementor-element elementor-element-cf312e4 elementor-widget elementor-widget-text-editor\" data-id=\"cf312e4\" data-element_type=\"widget\" data-widget_type=\"text-editor.default\">\n\t\t\t\t<div class=\"elementor-widget-container\">\n\t\t\t\t\t\t\t\t\t<p style=\"text-align: justify;\">Wir speichern Ihre personenbezogenen Daten nur so lange, wie dies f\u00fcr die Erf\u00fcllung der oben genannten Zwecke erforderlich ist oder gesetzliche Aufbewahrungsfristen bestehen. Nach Ablauf dieser Fristen werden Ihre Daten gel\u00f6scht oder anonymisiert, sodass keine Identifizierung mehr m\u00f6glich ist.<\/p>\t\t\t\t\t\t\t\t<\/div>\n\t\t\t\t<\/div>\n\t\t\t\t<\/div>\n\t\t\t\t<\/div>\n\t\t\t\t<\/div>\n\t\t","protected":false},"excerpt":{"rendered":"<p>Allgemeine Informationen 1. Allgemeine Informationen Wir, die Tarif Pro GbR (im Folgenden \u201ewir\u201c oder \u201euns\u201c), nehmen den Schutz Ihrer pers\u00f6nlichen [&hellip;]<\/p>\n","protected":false},"author":4,"featured_media":0,"parent":0,"menu_order":0,"comment_status":"closed","ping_status":"closed","template":"","meta":{"site-sidebar-layout":"no-sidebar","site-content-layout":"","ast-site-content-layout":"full-width-container","site-content-style":"default","site-sidebar-style":"default","ast-global-header-display":"","ast-banner-title-visibility":"","ast-main-header-display":"","ast-hfb-above-header-display":"","ast-hfb-below-header-display":"","ast-hfb-mobile-header-display":"","site-post-title":"disabled","ast-breadcrumbs-content":"","ast-featured-img":"disabled","footer-sml-layout":"","theme-transparent-header-meta":"","adv-header-id-meta":"","stick-header-meta":"","header-above-stick-meta":"","header-main-stick-meta":"","header-below-stick-meta":"","astra-migrate-meta-layouts":"default","ast-page-background-enabled":"default","ast-page-background-meta":{"desktop":{"background-color":"var(--ast-global-color-4)","background-image":"","background-repeat":"repeat","background-position":"center center","background-size":"auto","background-attachment":"scroll","background-type":"","background-media":"","overlay-type":"","overlay-color":"","overlay-opacity":"","overlay-gradient":""},"tablet":{"background-color":"","background-image":"","background-repeat":"repeat","background-position":"center center","background-size":"auto","background-attachment":"scroll","background-type":"","background-media":"","overlay-type":"","overlay-color":"","overlay-opacity":"","overlay-gradient":""},"mobile":{"background-color":"","background-image":"","background-repeat":"repeat","background-position":"center center","background-size":"auto","background-attachment":"scroll","background-type":"","background-media":"","overlay-type":"","overlay-color":"","overlay-opacity":"","overlay-gradient":""}},"ast-content-background-meta":{"desktop":{"background-color":"var(--ast-global-color-5)","background-image":"","background-repeat":"repeat","background-position":"center center","background-size":"auto","background-attachment":"scroll","background-type":"","background-media":"","overlay-type":"","overlay-color":"","overlay-opacity":"","overlay-gradient":""},"tablet":{"background-color":"var(--ast-global-color-5)","background-image":"","background-repeat":"repeat","background-position":"center center","background-size":"auto","background-attachment":"scroll","background-type":"","background-media":"","overlay-type":"","overlay-color":"","overlay-opacity":"","overlay-gradient":""},"mobile":{"background-color":"var(--ast-global-color-5)","background-image":"","background-repeat":"repeat","background-position":"center center","background-size":"auto","background-attachment":"scroll","background-type":"","background-media":"","overlay-type":"","overlay-color":"","overlay-opacity":"","overlay-gradient":""}},"footnotes":""},"class_list":["post-2216","page","type-page","status-publish","hentry"],"yoast_head":"<!-- This site is optimized with the Yoast SEO plugin v25.5 - https:\/\/yoast.com\/wordpress\/plugins\/seo\/ -->\n<title>Allgemeine Informationen - Tarif Pro<\/title>\n<meta name=\"robots\" content=\"index, follow, max-snippet:-1, max-image-preview:large, max-video-preview:-1\" \/>\n<link rel=\"canonical\" href=\"https:\/\/tarif-pro.de\/\/allgemeine-informationen\/\" \/>\n<meta property=\"og:locale\" content=\"de_DE\" \/>\n<meta property=\"og:type\" content=\"article\" \/>\n<meta property=\"og:title\" content=\"Allgemeine Informationen - Tarif Pro\" \/>\n<meta property=\"og:description\" content=\"Allgemeine Informationen 1. Allgemeine Informationen Wir, die Tarif Pro GbR (im Folgenden \u201ewir\u201c oder \u201euns\u201c), nehmen den Schutz Ihrer pers\u00f6nlichen [&hellip;]\" \/>\n<meta property=\"og:url\" content=\"https:\/\/tarif-pro.de\/\/allgemeine-informationen\/\" \/>\n<meta property=\"og:site_name\" content=\"Tarif Pro\" \/>\n<meta property=\"article:publisher\" content=\"https:\/\/www.facebook.com\/share\/1FC8325hTN\/?mibextid=wwXIfr\" \/>\n<meta property=\"article:modified_time\" content=\"2025-04-04T12:00:39+00:00\" \/>\n<meta name=\"twitter:card\" content=\"summary_large_image\" \/>\n<meta name=\"twitter:label1\" content=\"Gesch\u00e4tzte Lesezeit\" \/>\n\t<meta name=\"twitter:data1\" content=\"3\u00a0Minuten\" \/>\n<script type=\"application\/ld+json\" class=\"yoast-schema-graph\">{\"@context\":\"https:\/\/schema.org\",\"@graph\":[{\"@type\":\"WebPage\",\"@id\":\"https:\/\/tarif-pro.de\/\/allgemeine-informationen\/\",\"url\":\"https:\/\/tarif-pro.de\/\/allgemeine-informationen\/\",\"name\":\"Allgemeine Informationen - Tarif Pro\",\"isPartOf\":{\"@id\":\"https:\/\/tarif-pro.de\/#website\"},\"datePublished\":\"2025-01-08T14:52:40+00:00\",\"dateModified\":\"2025-04-04T12:00:39+00:00\",\"breadcrumb\":{\"@id\":\"https:\/\/tarif-pro.de\/\/allgemeine-informationen\/#breadcrumb\"},\"inLanguage\":\"de\",\"potentialAction\":[{\"@type\":\"ReadAction\",\"target\":[\"https:\/\/tarif-pro.de\/\/allgemeine-informationen\/\"]}]},{\"@type\":\"BreadcrumbList\",\"@id\":\"https:\/\/tarif-pro.de\/\/allgemeine-informationen\/#breadcrumb\",\"itemListElement\":[{\"@type\":\"ListItem\",\"position\":1,\"name\":\"Home\",\"item\":\"https:\/\/tarif-pro.de\/\"},{\"@type\":\"ListItem\",\"position\":2,\"name\":\"Allgemeine Informationen\"}]},{\"@type\":\"WebSite\",\"@id\":\"https:\/\/tarif-pro.de\/#website\",\"url\":\"https:\/\/tarif-pro.de\/\",\"name\":\"Tarif Pro\",\"description\":\"Ihrem zuverl\u00e4ssigen Partner f\u00fcr transparente und faire Tarifvergleiche.\",\"publisher\":{\"@id\":\"https:\/\/tarif-pro.de\/#organization\"},\"potentialAction\":[{\"@type\":\"SearchAction\",\"target\":{\"@type\":\"EntryPoint\",\"urlTemplate\":\"https:\/\/tarif-pro.de\/?s={search_term_string}\"},\"query-input\":{\"@type\":\"PropertyValueSpecification\",\"valueRequired\":true,\"valueName\":\"search_term_string\"}}],\"inLanguage\":\"de\"},{\"@type\":\"Organization\",\"@id\":\"https:\/\/tarif-pro.de\/#organization\",\"name\":\"Tarif Pro\",\"url\":\"https:\/\/tarif-pro.de\/\",\"logo\":{\"@type\":\"ImageObject\",\"inLanguage\":\"de\",\"@id\":\"https:\/\/tarif-pro.de\/#\/schema\/logo\/image\/\",\"url\":\"https:\/\/tarif-pro.de\/\\r\\n\/wp-content\/uploads\/2024\/10\/logo-footer.png\",\"contentUrl\":\"https:\/\/tarif-pro.de\/\\r\\n\/wp-content\/uploads\/2024\/10\/logo-footer.png\",\"width\":1076,\"height\":232,\"caption\":\"Tarif Pro\"},\"image\":{\"@id\":\"https:\/\/tarif-pro.de\/#\/schema\/logo\/image\/\"},\"sameAs\":[\"https:\/\/www.facebook.com\/share\/1FC8325hTN\/?mibextid=wwXIfr\",\"https:\/\/www.instagram.com\/tarifpro.de\/\"]}]}<\/script>\n<!-- \/ Yoast SEO plugin. -->","yoast_head_json":{"title":"Allgemeine Informationen - Tarif Pro","robots":{"index":"index","follow":"follow","max-snippet":"max-snippet:-1","max-image-preview":"max-image-preview:large","max-video-preview":"max-video-preview:-1"},"canonical":"https:\/\/tarif-pro.de\/\/allgemeine-informationen\/","og_locale":"de_DE","og_type":"article","og_title":"Allgemeine Informationen - Tarif Pro","og_description":"Allgemeine Informationen 1. Allgemeine Informationen Wir, die Tarif Pro GbR (im Folgenden \u201ewir\u201c oder \u201euns\u201c), nehmen den Schutz Ihrer pers\u00f6nlichen [&hellip;]","og_url":"https:\/\/tarif-pro.de\/\/allgemeine-informationen\/","og_site_name":"Tarif Pro","article_publisher":"https:\/\/www.facebook.com\/share\/1FC8325hTN\/?mibextid=wwXIfr","article_modified_time":"2025-04-04T12:00:39+00:00","twitter_card":"summary_large_image","twitter_misc":{"Gesch\u00e4tzte Lesezeit":"3\u00a0Minuten"},"schema":{"@context":"https:\/\/schema.org","@graph":[{"@type":"WebPage","@id":"https:\/\/tarif-pro.de\/\/allgemeine-informationen\/","url":"https:\/\/tarif-pro.de\/\/allgemeine-informationen\/","name":"Allgemeine Informationen - Tarif Pro","isPartOf":{"@id":"https:\/\/tarif-pro.de\/#website"},"datePublished":"2025-01-08T14:52:40+00:00","dateModified":"2025-04-04T12:00:39+00:00","breadcrumb":{"@id":"https:\/\/tarif-pro.de\/\/allgemeine-informationen\/#breadcrumb"},"inLanguage":"de","potentialAction":[{"@type":"ReadAction","target":["https:\/\/tarif-pro.de\/\/allgemeine-informationen\/"]}]},{"@type":"BreadcrumbList","@id":"https:\/\/tarif-pro.de\/\/allgemeine-informationen\/#breadcrumb","itemListElement":[{"@type":"ListItem","position":1,"name":"Home","item":"https:\/\/tarif-pro.de\/"},{"@type":"ListItem","position":2,"name":"Allgemeine Informationen"}]},{"@type":"WebSite","@id":"https:\/\/tarif-pro.de\/#website","url":"https:\/\/tarif-pro.de\/","name":"Tarif Pro","description":"Ihrem zuverl\u00e4ssigen Partner f\u00fcr transparente und faire Tarifvergleiche.","publisher":{"@id":"https:\/\/tarif-pro.de\/#organization"},"potentialAction":[{"@type":"SearchAction","target":{"@type":"EntryPoint","urlTemplate":"https:\/\/tarif-pro.de\/?s={search_term_string}"},"query-input":{"@type":"PropertyValueSpecification","valueRequired":true,"valueName":"search_term_string"}}],"inLanguage":"de"},{"@type":"Organization","@id":"https:\/\/tarif-pro.de\/#organization","name":"Tarif Pro","url":"https:\/\/tarif-pro.de\/","logo":{"@type":"ImageObject","inLanguage":"de","@id":"https:\/\/tarif-pro.de\/#\/schema\/logo\/image\/","url":"https:\/\/tarif-pro.de\/\r\n\/wp-content\/uploads\/2024\/10\/logo-footer.png","contentUrl":"https:\/\/tarif-pro.de\/\r\n\/wp-content\/uploads\/2024\/10\/logo-footer.png","width":1076,"height":232,"caption":"Tarif Pro"},"image":{"@id":"https:\/\/tarif-pro.de\/#\/schema\/logo\/image\/"},"sameAs":["https:\/\/www.facebook.com\/share\/1FC8325hTN\/?mibextid=wwXIfr","https:\/\/www.instagram.com\/tarifpro.de\/"]}]}},"_links":{"self":[{"href":"https:\/\/tarif-pro.de\/\/wp-json\/wp\/v2\/pages\/2216","targetHints":{"allow":["GET"]}}],"collection":[{"href":"https:\/\/tarif-pro.de\/\/wp-json\/wp\/v2\/pages"}],"about":[{"href":"https:\/\/tarif-pro.de\/\/wp-json\/wp\/v2\/types\/page"}],"author":[{"embeddable":true,"href":"https:\/\/tarif-pro.de\/\/wp-json\/wp\/v2\/users\/4"}],"replies":[{"embeddable":true,"href":"https:\/\/tarif-pro.de\/\/wp-json\/wp\/v2\/comments?post=2216"}],"version-history":[{"count":10,"href":"https:\/\/tarif-pro.de\/\/wp-json\/wp\/v2\/pages\/2216\/revisions"}],"predecessor-version":[{"id":3781,"href":"https:\/\/tarif-pro.de\/\/wp-json\/wp\/v2\/pages\/2216\/revisions\/3781"}],"wp:attachment":[{"href":"https:\/\/tarif-pro.de\/\/wp-json\/wp\/v2\/media?parent=2216"}],"curies":[{"name":"wp","href":"https:\/\/api.w.org\/{rel}","templated":true}]}}