{"id":2205,"date":"2025-01-08T15:57:57","date_gmt":"2025-01-08T12:57:57","guid":{"rendered":"https:\/\/tarif-pro.de\/?page_id=2205"},"modified":"2025-04-04T14:56:12","modified_gmt":"2025-04-04T11:56:12","slug":"agb","status":"publish","type":"page","link":"https:\/\/tarif-pro.de\/\/agb\/","title":{"rendered":"Allgemeine Gesch\u00e4ftsbedingungen (AGB)"},"content":{"rendered":"\t\t<div data-elementor-type=\"wp-page\" data-elementor-id=\"2205\" class=\"elementor elementor-2205\" data-elementor-post-type=\"page\">\n\t\t\t\t<div class=\"elementor-element elementor-element-0ad59a4 e-con-full e-flex e-con e-parent\" data-id=\"0ad59a4\" data-element_type=\"container\">\n\t\t<div class=\"elementor-element elementor-element-4031458 e-con-full e-flex e-con e-child\" data-id=\"4031458\" data-element_type=\"container\" data-settings=\"{&quot;background_background&quot;:&quot;classic&quot;}\">\n\t\t\t\t<div class=\"elementor-element elementor-element-876bc96 elementor-widget elementor-widget-text-editor\" data-id=\"876bc96\" data-element_type=\"widget\" data-widget_type=\"text-editor.default\">\n\t\t\t\t<div class=\"elementor-widget-container\">\n\t\t\t\t\t\t\t\t\t<p>Allgemeine Gesch\u00e4ftsbedingungen (AGB)<\/p>\t\t\t\t\t\t\t\t<\/div>\n\t\t\t\t<\/div>\n\t\t\t\t<div class=\"elementor-element elementor-element-e16ee1f elementor-widget elementor-widget-text-editor\" data-id=\"e16ee1f\" data-element_type=\"widget\" data-widget_type=\"text-editor.default\">\n\t\t\t\t<div class=\"elementor-widget-container\">\n\t\t\t\t\t\t\t\t\t<p><strong>Tarif Pro GbR<br \/><\/strong>Stand: Januar 2025<\/p>\t\t\t\t\t\t\t\t<\/div>\n\t\t\t\t<\/div>\n\t\t\t\t<\/div>\n\t\t\t\t<\/div>\n\t\t<div class=\"elementor-element elementor-element-0e3ddc9 e-con-full e-flex e-con e-child\" data-id=\"0e3ddc9\" data-element_type=\"container\">\n\t\t<div class=\"elementor-element elementor-element-d33cd18 e-con-full e-flex e-con e-child\" data-id=\"d33cd18\" data-element_type=\"container\">\n\t\t\t\t<div class=\"elementor-element elementor-element-544cd51 elementor-widget elementor-widget-heading\" data-id=\"544cd51\" data-element_type=\"widget\" data-widget_type=\"heading.default\">\n\t\t\t\t<div class=\"elementor-widget-container\">\n\t\t\t\t\t<h2 class=\"elementor-heading-title elementor-size-default\">1. Geltungsbereich<\/h2>\t\t\t\t<\/div>\n\t\t\t\t<\/div>\n\t\t\t\t<div class=\"elementor-element elementor-element-85a9280 elementor-widget elementor-widget-text-editor\" data-id=\"85a9280\" data-element_type=\"widget\" data-widget_type=\"text-editor.default\">\n\t\t\t\t<div class=\"elementor-widget-container\">\n\t\t\t\t\t\t\t\t\t<p>1.1 Diese Allgemeinen Gesch\u00e4ftsbedingungen (AGB) gelten f\u00fcr alle Vertr\u00e4ge, die \u00fcber die Website <a href=\"http:\/\/www.tarif-pro.de\">www.tarif-pro.de<\/a> zwischen der <strong>Tarif Pro GbR<\/strong> (im Folgenden \u201eAnbieter\u201c, \u201eCheck24\u201c und \u201eTarifcheck\u201c) und ihren Kunden (im Folgenden \u201eKunde\u201c) geschlossen werden.<br \/>1.2 Abweichende Bedingungen des Kunden werden nicht anerkannt, es sei denn, der Anbieter stimmt ihrer Geltung ausdr\u00fccklich schriftlich zu.<\/p>\t\t\t\t\t\t\t\t<\/div>\n\t\t\t\t<\/div>\n\t\t\t\t<\/div>\n\t\t<div class=\"elementor-element elementor-element-e618186 e-con-full e-flex e-con e-child\" data-id=\"e618186\" data-element_type=\"container\">\n\t\t\t\t<div class=\"elementor-element elementor-element-000ac2c elementor-widget elementor-widget-heading\" data-id=\"000ac2c\" data-element_type=\"widget\" data-widget_type=\"heading.default\">\n\t\t\t\t<div class=\"elementor-widget-container\">\n\t\t\t\t\t<h2 class=\"elementor-heading-title elementor-size-default\">2. Leistungen von Tarif Pro<\/h2>\t\t\t\t<\/div>\n\t\t\t\t<\/div>\n\t\t\t\t<div class=\"elementor-element elementor-element-5272576 elementor-widget elementor-widget-text-editor\" data-id=\"5272576\" data-element_type=\"widget\" data-widget_type=\"text-editor.default\">\n\t\t\t\t<div class=\"elementor-widget-container\">\n\t\t\t\t\t\t\t\t\t<p>2.1 Die <strong>Tarif Pro GbR<\/strong> bietet Dienstleistungen zur Vermittlung von Versicherungen, Energie-, Mobilfunk- und DSL-Tarifen an.<br \/>2.2 Der Anbieter stellt dem Kunden Vergleiche verschiedener Anbieter und Produkte zur Verf\u00fcgung und vermittelt bei Interesse Vertr\u00e4ge zwischen dem Kunden und den jeweiligen Anbietern.<br \/>2.3 <strong>Tarif Pro<\/strong> selbst ist nicht Anbieter der vermittelten Produkte oder Dienstleistungen und \u00fcbernimmt keine Gew\u00e4hr f\u00fcr die Richtigkeit der von Drittanbietern bereitgestellten Informationen.<\/p>\t\t\t\t\t\t\t\t<\/div>\n\t\t\t\t<\/div>\n\t\t\t\t<\/div>\n\t\t<div class=\"elementor-element elementor-element-4b4aaa3 e-con-full e-flex e-con e-child\" data-id=\"4b4aaa3\" data-element_type=\"container\">\n\t\t\t\t<div class=\"elementor-element elementor-element-efeeb9e elementor-widget elementor-widget-heading\" data-id=\"efeeb9e\" data-element_type=\"widget\" data-widget_type=\"heading.default\">\n\t\t\t\t<div class=\"elementor-widget-container\">\n\t\t\t\t\t<h2 class=\"elementor-heading-title elementor-size-default\">3. Vertragsschluss<\/h2>\t\t\t\t<\/div>\n\t\t\t\t<\/div>\n\t\t\t\t<div class=\"elementor-element elementor-element-03a2f02 elementor-widget elementor-widget-text-editor\" data-id=\"03a2f02\" data-element_type=\"widget\" data-widget_type=\"text-editor.default\">\n\t\t\t\t<div class=\"elementor-widget-container\">\n\t\t\t\t\t\t\t\t\t<p>3.1 Der Kunde gibt durch die Nutzung der Vergleichs- und Vermittlungsdienste ein unverbindliches Angebot ab.<br \/>3.2 Ein verbindlicher Vertrag kommt erst zustande, wenn der jeweilige Anbieter des Produkts oder der Dienstleistung das Angebot des Kunden best\u00e4tigt.<\/p>\t\t\t\t\t\t\t\t<\/div>\n\t\t\t\t<\/div>\n\t\t\t\t<\/div>\n\t\t<div class=\"elementor-element elementor-element-37310b7 e-con-full e-flex e-con e-child\" data-id=\"37310b7\" data-element_type=\"container\">\n\t\t\t\t<div class=\"elementor-element elementor-element-fb59215 elementor-widget elementor-widget-heading\" data-id=\"fb59215\" data-element_type=\"widget\" data-widget_type=\"heading.default\">\n\t\t\t\t<div class=\"elementor-widget-container\">\n\t\t\t\t\t<h2 class=\"elementor-heading-title elementor-size-default\">4. Preise und Zahlungsbedingungen<\/h2>\t\t\t\t<\/div>\n\t\t\t\t<\/div>\n\t\t\t\t<div class=\"elementor-element elementor-element-d924d42 elementor-widget elementor-widget-text-editor\" data-id=\"d924d42\" data-element_type=\"widget\" data-widget_type=\"text-editor.default\">\n\t\t\t\t<div class=\"elementor-widget-container\">\n\t\t\t\t\t\t\t\t\t<p>4.1 Die Nutzung der Vergleichs- und Vermittlungsplattform ist f\u00fcr den Kunden kostenfrei.<br \/>4.2 Im Falle einer erfolgreichen Vermittlung erh\u00e4lt <strong>Tarif Pro<\/strong> von den jeweiligen Anbietern eine Provision, die keine zus\u00e4tzlichen Kosten f\u00fcr den Kunden verursacht.<\/p>\t\t\t\t\t\t\t\t<\/div>\n\t\t\t\t<\/div>\n\t\t\t\t<\/div>\n\t\t<div class=\"elementor-element elementor-element-1dd45c7 e-con-full e-flex e-con e-child\" data-id=\"1dd45c7\" data-element_type=\"container\">\n\t\t\t\t<div class=\"elementor-element elementor-element-4c2ccb1 elementor-widget elementor-widget-heading\" data-id=\"4c2ccb1\" data-element_type=\"widget\" data-widget_type=\"heading.default\">\n\t\t\t\t<div class=\"elementor-widget-container\">\n\t\t\t\t\t<h2 class=\"elementor-heading-title elementor-size-default\">5. Pflichten des Kunden<\/h2>\t\t\t\t<\/div>\n\t\t\t\t<\/div>\n\t\t\t\t<div class=\"elementor-element elementor-element-8dfadfb elementor-widget elementor-widget-text-editor\" data-id=\"8dfadfb\" data-element_type=\"widget\" data-widget_type=\"text-editor.default\">\n\t\t\t\t<div class=\"elementor-widget-container\">\n\t\t\t\t\t\t\t\t\t<p style=\"text-align: justify;\">5.1 Der Kunde ist verpflichtet, wahrheitsgem\u00e4\u00dfe und vollst\u00e4ndige Angaben bei der Nutzung der Dienste von <strong>Tarif Pro<\/strong> zu machen.<br \/>5.2 Der Kunde verpflichtet sich, die erhaltenen Vertragsunterlagen sorgf\u00e4ltig zu pr\u00fcfen und etwaige Unstimmigkeiten unverz\u00fcglich mitzuteilen.<\/p>\t\t\t\t\t\t\t\t<\/div>\n\t\t\t\t<\/div>\n\t\t\t\t<\/div>\n\t\t<div class=\"elementor-element elementor-element-b4ce36e e-con-full e-flex e-con e-child\" data-id=\"b4ce36e\" data-element_type=\"container\">\n\t\t\t\t<div class=\"elementor-element elementor-element-53b7e8d elementor-widget elementor-widget-heading\" data-id=\"53b7e8d\" data-element_type=\"widget\" data-widget_type=\"heading.default\">\n\t\t\t\t<div class=\"elementor-widget-container\">\n\t\t\t\t\t<h2 class=\"elementor-heading-title elementor-size-default\">6. Haftung<\/h2>\t\t\t\t<\/div>\n\t\t\t\t<\/div>\n\t\t\t\t<div class=\"elementor-element elementor-element-9dc72af elementor-widget elementor-widget-text-editor\" data-id=\"9dc72af\" data-element_type=\"widget\" data-widget_type=\"text-editor.default\">\n\t\t\t\t<div class=\"elementor-widget-container\">\n\t\t\t\t\t\t\t\t\t<p>6.1 <strong>Tarif Pro<\/strong> haftet nur f\u00fcr Sch\u00e4den, die durch vors\u00e4tzliches oder grob fahrl\u00e4ssiges Verhalten verursacht wurden.<br \/>6.2 Die Haftung f\u00fcr einfache Fahrl\u00e4ssigkeit ist ausgeschlossen, soweit keine wesentlichen Vertragspflichten betroffen sind.<br \/>6.3 <strong>Tarif Pro<\/strong> \u00fcbernimmt keine Haftung f\u00fcr die Leistungen der vermittelten Anbieter.<\/p>\t\t\t\t\t\t\t\t<\/div>\n\t\t\t\t<\/div>\n\t\t\t\t<\/div>\n\t\t<div class=\"elementor-element elementor-element-3c8295e e-con-full e-flex e-con e-child\" data-id=\"3c8295e\" data-element_type=\"container\">\n\t\t\t\t<div class=\"elementor-element elementor-element-541865e elementor-widget elementor-widget-heading\" data-id=\"541865e\" data-element_type=\"widget\" data-widget_type=\"heading.default\">\n\t\t\t\t<div class=\"elementor-widget-container\">\n\t\t\t\t\t<h2 class=\"elementor-heading-title elementor-size-default\">7. Datenschutz<\/h2>\t\t\t\t<\/div>\n\t\t\t\t<\/div>\n\t\t\t\t<div class=\"elementor-element elementor-element-bc60a7a elementor-widget elementor-widget-text-editor\" data-id=\"bc60a7a\" data-element_type=\"widget\" data-widget_type=\"text-editor.default\">\n\t\t\t\t<div class=\"elementor-widget-container\">\n\t\t\t\t\t\t\t\t\t<p>7.1 Die Verarbeitung personenbezogener Daten erfolgt gem\u00e4\u00df der <strong>Datenschutzerkl\u00e4rung<\/strong>.<br \/>7.2 Der Kunde erkl\u00e4rt sich mit der Nutzung der Dienste von <strong>Tarif Pro<\/strong> mit der Verarbeitung seiner Daten einverstanden.<\/p>\t\t\t\t\t\t\t\t<\/div>\n\t\t\t\t<\/div>\n\t\t\t\t<\/div>\n\t\t<div class=\"elementor-element elementor-element-6fe69f0 e-con-full e-flex e-con e-child\" data-id=\"6fe69f0\" data-element_type=\"container\">\n\t\t\t\t<div class=\"elementor-element elementor-element-0fb757b elementor-widget elementor-widget-heading\" data-id=\"0fb757b\" data-element_type=\"widget\" data-widget_type=\"heading.default\">\n\t\t\t\t<div class=\"elementor-widget-container\">\n\t\t\t\t\t<h2 class=\"elementor-heading-title elementor-size-default\">8. Widerrufsrecht<\/h2>\t\t\t\t<\/div>\n\t\t\t\t<\/div>\n\t\t\t\t<div class=\"elementor-element elementor-element-10ad1ae elementor-widget elementor-widget-text-editor\" data-id=\"10ad1ae\" data-element_type=\"widget\" data-widget_type=\"text-editor.default\">\n\t\t\t\t<div class=\"elementor-widget-container\">\n\t\t\t\t\t\t\t\t\t<p style=\"text-align: justify;\">8.1 Kunden, die Verbraucher im Sinne des \u00a7 13 BGB sind, haben das Recht, innerhalb von 14 Tagen ohne Angabe von Gr\u00fcnden den Vertrag zu widerrufen.<br \/>8.2 Weitere Informationen zum Widerrufsrecht finden Sie in der <strong>Widerrufsbelehrung<\/strong>.<\/p>\t\t\t\t\t\t\t\t<\/div>\n\t\t\t\t<\/div>\n\t\t\t\t<\/div>\n\t\t<div class=\"elementor-element elementor-element-d59a037 e-con-full e-flex e-con e-child\" data-id=\"d59a037\" data-element_type=\"container\">\n\t\t\t\t<div class=\"elementor-element elementor-element-de045d6 elementor-widget elementor-widget-heading\" data-id=\"de045d6\" data-element_type=\"widget\" data-widget_type=\"heading.default\">\n\t\t\t\t<div class=\"elementor-widget-container\">\n\t\t\t\t\t<h2 class=\"elementor-heading-title elementor-size-default\">9. Schlussbestimmungen<\/h2>\t\t\t\t<\/div>\n\t\t\t\t<\/div>\n\t\t\t\t<div class=\"elementor-element elementor-element-4a2642d elementor-widget elementor-widget-text-editor\" data-id=\"4a2642d\" data-element_type=\"widget\" data-widget_type=\"text-editor.default\">\n\t\t\t\t<div class=\"elementor-widget-container\">\n\t\t\t\t\t\t\t\t\t<p style=\"text-align: justify;\">9.1 Es gilt das Recht der Bundesrepublik Deutschland unter Ausschluss des UN-Kaufrechts.<br \/>9.2 Sollten einzelne Bestimmungen dieser AGB unwirksam sein, bleibt die Wirksamkeit der \u00fcbrigen Bestimmungen unber\u00fchrt.<\/p>\t\t\t\t\t\t\t\t<\/div>\n\t\t\t\t<\/div>\n\t\t\t\t<\/div>\n\t\t<div class=\"elementor-element elementor-element-5e3c1b2 e-con-full e-flex e-con e-child\" data-id=\"5e3c1b2\" data-element_type=\"container\">\n\t\t\t\t<div class=\"elementor-element elementor-element-0a0d57a elementor-widget elementor-widget-heading\" data-id=\"0a0d57a\" data-element_type=\"widget\" data-widget_type=\"heading.default\">\n\t\t\t\t<div class=\"elementor-widget-container\">\n\t\t\t\t\t<h2 class=\"elementor-heading-title elementor-size-default\">Kontakt:<\/h2>\t\t\t\t<\/div>\n\t\t\t\t<\/div>\n\t\t\t\t<div class=\"elementor-element elementor-element-8eeaf5b elementor-widget elementor-widget-text-editor\" data-id=\"8eeaf5b\" data-element_type=\"widget\" data-widget_type=\"text-editor.default\">\n\t\t\t\t<div class=\"elementor-widget-container\">\n\t\t\t\t\t\t\t\t\t<p><strong>Tarif Pro GbR<br \/><\/strong>Inhaber: Youssef Shamseddin &amp; Nouri Allaf<br \/>Telefon: <a href=\"tel:+491706668906\">+49 170 6668906<\/a><br \/>E-Mail: <a href=\"mailto:info@tarif-pro.de\">info@tarif-pro.de<\/a><\/p>\t\t\t\t\t\t\t\t<\/div>\n\t\t\t\t<\/div>\n\t\t\t\t<\/div>\n\t\t\t\t<\/div>\n\t\t\t\t<\/div>\n\t\t","protected":false},"excerpt":{"rendered":"<p>Allgemeine Gesch\u00e4ftsbedingungen (AGB) Tarif Pro GbRStand: Januar 2025 1. Geltungsbereich 1.1 Diese Allgemeinen Gesch\u00e4ftsbedingungen (AGB) gelten f\u00fcr alle Vertr\u00e4ge, die [&hellip;]<\/p>\n","protected":false},"author":4,"featured_media":0,"parent":0,"menu_order":0,"comment_status":"closed","ping_status":"closed","template":"","meta":{"site-sidebar-layout":"no-sidebar","site-content-layout":"","ast-site-content-layout":"full-width-container","site-content-style":"default","site-sidebar-style":"default","ast-global-header-display":"","ast-banner-title-visibility":"","ast-main-header-display":"","ast-hfb-above-header-display":"","ast-hfb-below-header-display":"","ast-hfb-mobile-header-display":"","site-post-title":"disabled","ast-breadcrumbs-content":"","ast-featured-img":"disabled","footer-sml-layout":"","theme-transparent-header-meta":"","adv-header-id-meta":"","stick-header-meta":"","header-above-stick-meta":"","header-main-stick-meta":"","header-below-stick-meta":"","astra-migrate-meta-layouts":"default","ast-page-background-enabled":"default","ast-page-background-meta":{"desktop":{"background-color":"var(--ast-global-color-4)","background-image":"","background-repeat":"repeat","background-position":"center center","background-size":"auto","background-attachment":"scroll","background-type":"","background-media":"","overlay-type":"","overlay-color":"","overlay-opacity":"","overlay-gradient":""},"tablet":{"background-color":"","background-image":"","background-repeat":"repeat","background-position":"center center","background-size":"auto","background-attachment":"scroll","background-type":"","background-media":"","overlay-type":"","overlay-color":"","overlay-opacity":"","overlay-gradient":""},"mobile":{"background-color":"","background-image":"","background-repeat":"repeat","background-position":"center center","background-size":"auto","background-attachment":"scroll","background-type":"","background-media":"","overlay-type":"","overlay-color":"","overlay-opacity":"","overlay-gradient":""}},"ast-content-background-meta":{"desktop":{"background-color":"var(--ast-global-color-5)","background-image":"","background-repeat":"repeat","background-position":"center center","background-size":"auto","background-attachment":"scroll","background-type":"","background-media":"","overlay-type":"","overlay-color":"","overlay-opacity":"","overlay-gradient":""},"tablet":{"background-color":"var(--ast-global-color-5)","background-image":"","background-repeat":"repeat","background-position":"center center","background-size":"auto","background-attachment":"scroll","background-type":"","background-media":"","overlay-type":"","overlay-color":"","overlay-opacity":"","overlay-gradient":""},"mobile":{"background-color":"var(--ast-global-color-5)","background-image":"","background-repeat":"repeat","background-position":"center center","background-size":"auto","background-attachment":"scroll","background-type":"","background-media":"","overlay-type":"","overlay-color":"","overlay-opacity":"","overlay-gradient":""}},"footnotes":""},"class_list":["post-2205","page","type-page","status-publish","hentry"],"yoast_head":"<!-- This site is optimized with the Yoast SEO plugin v25.5 - https:\/\/yoast.com\/wordpress\/plugins\/seo\/ -->\n<title>Allgemeine Gesch\u00e4ftsbedingungen (AGB) - Tarif Pro<\/title>\n<meta name=\"robots\" content=\"index, follow, max-snippet:-1, max-image-preview:large, max-video-preview:-1\" \/>\n<link rel=\"canonical\" href=\"https:\/\/tarif-pro.de\/\/agb\/\" \/>\n<meta property=\"og:locale\" content=\"de_DE\" \/>\n<meta property=\"og:type\" content=\"article\" \/>\n<meta property=\"og:title\" content=\"Allgemeine Gesch\u00e4ftsbedingungen (AGB) - Tarif Pro\" \/>\n<meta property=\"og:description\" content=\"Allgemeine Gesch\u00e4ftsbedingungen (AGB) Tarif Pro GbRStand: Januar 2025 1. Geltungsbereich 1.1 Diese Allgemeinen Gesch\u00e4ftsbedingungen (AGB) gelten f\u00fcr alle Vertr\u00e4ge, die [&hellip;]\" \/>\n<meta property=\"og:url\" content=\"https:\/\/tarif-pro.de\/\/agb\/\" \/>\n<meta property=\"og:site_name\" content=\"Tarif Pro\" \/>\n<meta property=\"article:publisher\" content=\"https:\/\/www.facebook.com\/share\/1FC8325hTN\/?mibextid=wwXIfr\" \/>\n<meta property=\"article:modified_time\" content=\"2025-04-04T11:56:12+00:00\" \/>\n<meta name=\"twitter:card\" content=\"summary_large_image\" \/>\n<meta name=\"twitter:label1\" content=\"Gesch\u00e4tzte Lesezeit\" \/>\n\t<meta name=\"twitter:data1\" content=\"3\u00a0Minuten\" \/>\n<script type=\"application\/ld+json\" class=\"yoast-schema-graph\">{\"@context\":\"https:\/\/schema.org\",\"@graph\":[{\"@type\":\"WebPage\",\"@id\":\"https:\/\/tarif-pro.de\/\/agb\/\",\"url\":\"https:\/\/tarif-pro.de\/\/agb\/\",\"name\":\"Allgemeine Gesch\u00e4ftsbedingungen (AGB) - Tarif Pro\",\"isPartOf\":{\"@id\":\"https:\/\/tarif-pro.de\/#website\"},\"datePublished\":\"2025-01-08T12:57:57+00:00\",\"dateModified\":\"2025-04-04T11:56:12+00:00\",\"breadcrumb\":{\"@id\":\"https:\/\/tarif-pro.de\/\/agb\/#breadcrumb\"},\"inLanguage\":\"de\",\"potentialAction\":[{\"@type\":\"ReadAction\",\"target\":[\"https:\/\/tarif-pro.de\/\/agb\/\"]}]},{\"@type\":\"BreadcrumbList\",\"@id\":\"https:\/\/tarif-pro.de\/\/agb\/#breadcrumb\",\"itemListElement\":[{\"@type\":\"ListItem\",\"position\":1,\"name\":\"Home\",\"item\":\"https:\/\/tarif-pro.de\/\"},{\"@type\":\"ListItem\",\"position\":2,\"name\":\"Allgemeine Gesch\u00e4ftsbedingungen (AGB)\"}]},{\"@type\":\"WebSite\",\"@id\":\"https:\/\/tarif-pro.de\/#website\",\"url\":\"https:\/\/tarif-pro.de\/\",\"name\":\"Tarif Pro\",\"description\":\"Ihrem zuverl\u00e4ssigen Partner f\u00fcr transparente und faire Tarifvergleiche.\",\"publisher\":{\"@id\":\"https:\/\/tarif-pro.de\/#organization\"},\"potentialAction\":[{\"@type\":\"SearchAction\",\"target\":{\"@type\":\"EntryPoint\",\"urlTemplate\":\"https:\/\/tarif-pro.de\/?s={search_term_string}\"},\"query-input\":{\"@type\":\"PropertyValueSpecification\",\"valueRequired\":true,\"valueName\":\"search_term_string\"}}],\"inLanguage\":\"de\"},{\"@type\":\"Organization\",\"@id\":\"https:\/\/tarif-pro.de\/#organization\",\"name\":\"Tarif Pro\",\"url\":\"https:\/\/tarif-pro.de\/\",\"logo\":{\"@type\":\"ImageObject\",\"inLanguage\":\"de\",\"@id\":\"https:\/\/tarif-pro.de\/#\/schema\/logo\/image\/\",\"url\":\"https:\/\/tarif-pro.de\/\\r\\n\/wp-content\/uploads\/2024\/10\/logo-footer.png\",\"contentUrl\":\"https:\/\/tarif-pro.de\/\\r\\n\/wp-content\/uploads\/2024\/10\/logo-footer.png\",\"width\":1076,\"height\":232,\"caption\":\"Tarif Pro\"},\"image\":{\"@id\":\"https:\/\/tarif-pro.de\/#\/schema\/logo\/image\/\"},\"sameAs\":[\"https:\/\/www.facebook.com\/share\/1FC8325hTN\/?mibextid=wwXIfr\",\"https:\/\/www.instagram.com\/tarifpro.de\/\"]}]}<\/script>\n<!-- \/ Yoast SEO plugin. -->","yoast_head_json":{"title":"Allgemeine Gesch\u00e4ftsbedingungen (AGB) - Tarif Pro","robots":{"index":"index","follow":"follow","max-snippet":"max-snippet:-1","max-image-preview":"max-image-preview:large","max-video-preview":"max-video-preview:-1"},"canonical":"https:\/\/tarif-pro.de\/\/agb\/","og_locale":"de_DE","og_type":"article","og_title":"Allgemeine Gesch\u00e4ftsbedingungen (AGB) - Tarif Pro","og_description":"Allgemeine Gesch\u00e4ftsbedingungen (AGB) Tarif Pro GbRStand: Januar 2025 1. Geltungsbereich 1.1 Diese Allgemeinen Gesch\u00e4ftsbedingungen (AGB) gelten f\u00fcr alle Vertr\u00e4ge, die [&hellip;]","og_url":"https:\/\/tarif-pro.de\/\/agb\/","og_site_name":"Tarif Pro","article_publisher":"https:\/\/www.facebook.com\/share\/1FC8325hTN\/?mibextid=wwXIfr","article_modified_time":"2025-04-04T11:56:12+00:00","twitter_card":"summary_large_image","twitter_misc":{"Gesch\u00e4tzte Lesezeit":"3\u00a0Minuten"},"schema":{"@context":"https:\/\/schema.org","@graph":[{"@type":"WebPage","@id":"https:\/\/tarif-pro.de\/\/agb\/","url":"https:\/\/tarif-pro.de\/\/agb\/","name":"Allgemeine Gesch\u00e4ftsbedingungen (AGB) - Tarif Pro","isPartOf":{"@id":"https:\/\/tarif-pro.de\/#website"},"datePublished":"2025-01-08T12:57:57+00:00","dateModified":"2025-04-04T11:56:12+00:00","breadcrumb":{"@id":"https:\/\/tarif-pro.de\/\/agb\/#breadcrumb"},"inLanguage":"de","potentialAction":[{"@type":"ReadAction","target":["https:\/\/tarif-pro.de\/\/agb\/"]}]},{"@type":"BreadcrumbList","@id":"https:\/\/tarif-pro.de\/\/agb\/#breadcrumb","itemListElement":[{"@type":"ListItem","position":1,"name":"Home","item":"https:\/\/tarif-pro.de\/"},{"@type":"ListItem","position":2,"name":"Allgemeine Gesch\u00e4ftsbedingungen (AGB)"}]},{"@type":"WebSite","@id":"https:\/\/tarif-pro.de\/#website","url":"https:\/\/tarif-pro.de\/","name":"Tarif Pro","description":"Ihrem zuverl\u00e4ssigen Partner f\u00fcr transparente und faire Tarifvergleiche.","publisher":{"@id":"https:\/\/tarif-pro.de\/#organization"},"potentialAction":[{"@type":"SearchAction","target":{"@type":"EntryPoint","urlTemplate":"https:\/\/tarif-pro.de\/?s={search_term_string}"},"query-input":{"@type":"PropertyValueSpecification","valueRequired":true,"valueName":"search_term_string"}}],"inLanguage":"de"},{"@type":"Organization","@id":"https:\/\/tarif-pro.de\/#organization","name":"Tarif Pro","url":"https:\/\/tarif-pro.de\/","logo":{"@type":"ImageObject","inLanguage":"de","@id":"https:\/\/tarif-pro.de\/#\/schema\/logo\/image\/","url":"https:\/\/tarif-pro.de\/\r\n\/wp-content\/uploads\/2024\/10\/logo-footer.png","contentUrl":"https:\/\/tarif-pro.de\/\r\n\/wp-content\/uploads\/2024\/10\/logo-footer.png","width":1076,"height":232,"caption":"Tarif Pro"},"image":{"@id":"https:\/\/tarif-pro.de\/#\/schema\/logo\/image\/"},"sameAs":["https:\/\/www.facebook.com\/share\/1FC8325hTN\/?mibextid=wwXIfr","https:\/\/www.instagram.com\/tarifpro.de\/"]}]}},"_links":{"self":[{"href":"https:\/\/tarif-pro.de\/\/wp-json\/wp\/v2\/pages\/2205","targetHints":{"allow":["GET"]}}],"collection":[{"href":"https:\/\/tarif-pro.de\/\/wp-json\/wp\/v2\/pages"}],"about":[{"href":"https:\/\/tarif-pro.de\/\/wp-json\/wp\/v2\/types\/page"}],"author":[{"embeddable":true,"href":"https:\/\/tarif-pro.de\/\/wp-json\/wp\/v2\/users\/4"}],"replies":[{"embeddable":true,"href":"https:\/\/tarif-pro.de\/\/wp-json\/wp\/v2\/comments?post=2205"}],"version-history":[{"count":10,"href":"https:\/\/tarif-pro.de\/\/wp-json\/wp\/v2\/pages\/2205\/revisions"}],"predecessor-version":[{"id":3764,"href":"https:\/\/tarif-pro.de\/\/wp-json\/wp\/v2\/pages\/2205\/revisions\/3764"}],"wp:attachment":[{"href":"https:\/\/tarif-pro.de\/\/wp-json\/wp\/v2\/media?parent=2205"}],"curies":[{"name":"wp","href":"https:\/\/api.w.org\/{rel}","templated":true}]}}