{"id":2176,"date":"2025-01-08T12:19:16","date_gmt":"2025-01-08T09:19:16","guid":{"rendered":"https:\/\/tarif-pro.de\/?page_id=2176"},"modified":"2025-04-26T01:48:21","modified_gmt":"2025-04-25T22:48:21","slug":"impressum","status":"publish","type":"page","link":"https:\/\/tarif-pro.de\/\/impressum\/","title":{"rendered":"Impressum"},"content":{"rendered":"\t\t<div data-elementor-type=\"wp-page\" data-elementor-id=\"2176\" class=\"elementor elementor-2176\" data-elementor-post-type=\"page\">\n\t\t\t\t<div class=\"elementor-element elementor-element-df762c4 e-con-full e-flex e-con e-parent\" data-id=\"df762c4\" data-element_type=\"container\">\n\t\t<div class=\"elementor-element elementor-element-e4e96a5 e-con-full e-flex e-con e-child\" data-id=\"e4e96a5\" data-element_type=\"container\" data-settings=\"{&quot;background_background&quot;:&quot;classic&quot;}\">\n\t\t\t\t<div class=\"elementor-element elementor-element-75e8429 elementor-widget elementor-widget-heading\" data-id=\"75e8429\" data-element_type=\"widget\" data-widget_type=\"heading.default\">\n\t\t\t\t<div class=\"elementor-widget-container\">\n\t\t\t\t\t<h2 class=\"elementor-heading-title elementor-size-default\">Impressum<\/h2>\t\t\t\t<\/div>\n\t\t\t\t<\/div>\n\t\t\t\t<\/div>\n\t\t\t\t<\/div>\n\t\t<div class=\"elementor-element elementor-element-0e3ddc9 e-con-full e-flex e-con e-child\" data-id=\"0e3ddc9\" data-element_type=\"container\">\n\t\t<div class=\"elementor-element elementor-element-d33cd18 e-con-full e-flex e-con e-child\" data-id=\"d33cd18\" data-element_type=\"container\">\n\t\t\t\t<div class=\"elementor-element elementor-element-544cd51 elementor-widget elementor-widget-heading\" data-id=\"544cd51\" data-element_type=\"widget\" data-widget_type=\"heading.default\">\n\t\t\t\t<div class=\"elementor-widget-container\">\n\t\t\t\t\t<h2 class=\"elementor-heading-title elementor-size-default\">Angaben gem\u00e4\u00df \u00a7 5 TMG:<\/h2>\t\t\t\t<\/div>\n\t\t\t\t<\/div>\n\t\t\t\t<div class=\"elementor-element elementor-element-85a9280 elementor-widget elementor-widget-text-editor\" data-id=\"85a9280\" data-element_type=\"widget\" data-widget_type=\"text-editor.default\">\n\t\t\t\t<div class=\"elementor-widget-container\">\n\t\t\t\t\t\t\t\t\t<p><strong>Tarif Pro GbR<br \/><\/strong>Inhaber: Youssef Shamseddin &amp; Nouri Allaf<br \/>Bergstr. 53a<br \/>32547 Bad Oeynhausen<br \/>Deutschland<\/p>\t\t\t\t\t\t\t\t<\/div>\n\t\t\t\t<\/div>\n\t\t\t\t<\/div>\n\t\t<div class=\"elementor-element elementor-element-e618186 e-con-full e-flex e-con e-child\" data-id=\"e618186\" data-element_type=\"container\">\n\t\t\t\t<div class=\"elementor-element elementor-element-000ac2c elementor-widget elementor-widget-heading\" data-id=\"000ac2c\" data-element_type=\"widget\" data-widget_type=\"heading.default\">\n\t\t\t\t<div class=\"elementor-widget-container\">\n\t\t\t\t\t<h2 class=\"elementor-heading-title elementor-size-default\">Vertreten durch:<\/h2>\t\t\t\t<\/div>\n\t\t\t\t<\/div>\n\t\t\t\t<div class=\"elementor-element elementor-element-5272576 elementor-widget elementor-widget-text-editor\" data-id=\"5272576\" data-element_type=\"widget\" data-widget_type=\"text-editor.default\">\n\t\t\t\t<div class=\"elementor-widget-container\">\n\t\t\t\t\t\t\t\t\t<p><strong>Youssef Shamseddin &amp; Nouri Allaf<\/strong><\/p>\t\t\t\t\t\t\t\t<\/div>\n\t\t\t\t<\/div>\n\t\t\t\t<\/div>\n\t\t<div class=\"elementor-element elementor-element-4b4aaa3 e-con-full e-flex e-con e-child\" data-id=\"4b4aaa3\" data-element_type=\"container\">\n\t\t\t\t<div class=\"elementor-element elementor-element-efeeb9e elementor-widget elementor-widget-heading\" data-id=\"efeeb9e\" data-element_type=\"widget\" data-widget_type=\"heading.default\">\n\t\t\t\t<div class=\"elementor-widget-container\">\n\t\t\t\t\t<h2 class=\"elementor-heading-title elementor-size-default\">Kontakt:<\/h2>\t\t\t\t<\/div>\n\t\t\t\t<\/div>\n\t\t\t\t<div class=\"elementor-element elementor-element-03a2f02 elementor-widget elementor-widget-text-editor\" data-id=\"03a2f02\" data-element_type=\"widget\" data-widget_type=\"text-editor.default\">\n\t\t\t\t<div class=\"elementor-widget-container\">\n\t\t\t\t\t\t\t\t\t<p style=\"text-align: justify;\">Telefon: <a href=\"tel:+491706668906\">+49 170 6668906<\/a><br \/>E-Mail: <a href=\"mailto:info@tarif-pro.de\">info@tarif-pro.de<\/a><\/p>\t\t\t\t\t\t\t\t<\/div>\n\t\t\t\t<\/div>\n\t\t\t\t<\/div>\n\t\t<div class=\"elementor-element elementor-element-37310b7 e-con-full e-flex e-con e-child\" data-id=\"37310b7\" data-element_type=\"container\">\n\t\t\t\t<\/div>\n\t\t<div class=\"elementor-element elementor-element-1dd45c7 e-con-full e-flex e-con e-child\" data-id=\"1dd45c7\" data-element_type=\"container\">\n\t\t\t\t<div class=\"elementor-element elementor-element-4c2ccb1 elementor-widget elementor-widget-heading\" data-id=\"4c2ccb1\" data-element_type=\"widget\" data-widget_type=\"heading.default\">\n\t\t\t\t<div class=\"elementor-widget-container\">\n\t\t\t\t\t<h2 class=\"elementor-heading-title elementor-size-default\">Umsatzsteuer-ID:<\/h2>\t\t\t\t<\/div>\n\t\t\t\t<\/div>\n\t\t\t\t<div class=\"elementor-element elementor-element-8dfadfb elementor-widget elementor-widget-text-editor\" data-id=\"8dfadfb\" data-element_type=\"widget\" data-widget_type=\"text-editor.default\">\n\t\t\t\t<div class=\"elementor-widget-container\">\n\t\t\t\t\t\t\t\t\t<p style=\"text-align: justify;\">USt-IdNr.: <strong>DE452988706<\/strong><\/p>\t\t\t\t\t\t\t\t<\/div>\n\t\t\t\t<\/div>\n\t\t\t\t<\/div>\n\t\t<div class=\"elementor-element elementor-element-b4ce36e e-con-full e-flex e-con e-child\" data-id=\"b4ce36e\" data-element_type=\"container\">\n\t\t\t\t<div class=\"elementor-element elementor-element-53b7e8d elementor-widget elementor-widget-heading\" data-id=\"53b7e8d\" data-element_type=\"widget\" data-widget_type=\"heading.default\">\n\t\t\t\t<div class=\"elementor-widget-container\">\n\t\t\t\t\t<h2 class=\"elementor-heading-title elementor-size-default\">Verantwortlich f\u00fcr den Inhalt nach \u00a7 55 Abs. 2 RStV:<\/h2>\t\t\t\t<\/div>\n\t\t\t\t<\/div>\n\t\t\t\t<div class=\"elementor-element elementor-element-9dc72af elementor-widget elementor-widget-text-editor\" data-id=\"9dc72af\" data-element_type=\"widget\" data-widget_type=\"text-editor.default\">\n\t\t\t\t<div class=\"elementor-widget-container\">\n\t\t\t\t\t\t\t\t\t<p>Youssef Shamseddin &amp; Nouri Allaf<br \/>Bergstr. 53a<br \/>32547 Bad Oeynhausen<\/p>\t\t\t\t\t\t\t\t<\/div>\n\t\t\t\t<\/div>\n\t\t\t\t<\/div>\n\t\t<div class=\"elementor-element elementor-element-3c8295e e-con-full e-flex e-con e-child\" data-id=\"3c8295e\" data-element_type=\"container\">\n\t\t\t\t<div class=\"elementor-element elementor-element-541865e elementor-widget elementor-widget-heading\" data-id=\"541865e\" data-element_type=\"widget\" data-widget_type=\"heading.default\">\n\t\t\t\t<div class=\"elementor-widget-container\">\n\t\t\t\t\t<h2 class=\"elementor-heading-title elementor-size-default\">Haftungsausschluss (Disclaimer):<\/h2>\t\t\t\t<\/div>\n\t\t\t\t<\/div>\n\t\t\t\t<div class=\"elementor-element elementor-element-bc60a7a elementor-widget elementor-widget-text-editor\" data-id=\"bc60a7a\" data-element_type=\"widget\" data-widget_type=\"text-editor.default\">\n\t\t\t\t<div class=\"elementor-widget-container\">\n\t\t\t\t\t\t\t\t\t<p style=\"text-align: justify;\">Die Inhalte unserer Seiten wurden mit gr\u00f6\u00dfter Sorgfalt erstellt. F\u00fcr die Richtigkeit, Vollst\u00e4ndigkeit und Aktualit\u00e4t der Inhalte k\u00f6nnen wir jedoch keine Gew\u00e4hr \u00fcbernehmen. Als Diensteanbieter sind wir gem\u00e4\u00df \u00a7 7 Abs.1 TMG f\u00fcr eigene Inhalte auf diesen Seiten nach den allgemeinen Gesetzen verantwortlich. Nach \u00a7\u00a7 8 bis 10 TMG sind wir als Diensteanbieter jedoch nicht verpflichtet, \u00fcbermittelte oder gespeicherte fremde Informationen zu \u00fcberwachen oder nach Umst\u00e4nden zu forschen, die auf eine rechtswidrige T\u00e4tigkeit hinweisen.<\/p>\t\t\t\t\t\t\t\t<\/div>\n\t\t\t\t<\/div>\n\t\t\t\t<\/div>\n\t\t<div class=\"elementor-element elementor-element-6fe69f0 e-con-full e-flex e-con e-child\" data-id=\"6fe69f0\" data-element_type=\"container\">\n\t\t\t\t<div class=\"elementor-element elementor-element-0fb757b elementor-widget elementor-widget-heading\" data-id=\"0fb757b\" data-element_type=\"widget\" data-widget_type=\"heading.default\">\n\t\t\t\t<div class=\"elementor-widget-container\">\n\t\t\t\t\t<h2 class=\"elementor-heading-title elementor-size-default\">Haftung f\u00fcr Links:<\/h2>\t\t\t\t<\/div>\n\t\t\t\t<\/div>\n\t\t\t\t<div class=\"elementor-element elementor-element-10ad1ae elementor-widget elementor-widget-text-editor\" data-id=\"10ad1ae\" data-element_type=\"widget\" data-widget_type=\"text-editor.default\">\n\t\t\t\t<div class=\"elementor-widget-container\">\n\t\t\t\t\t\t\t\t\t<p style=\"text-align: justify;\">Unser Angebot enth\u00e4lt Links zu externen Webseiten Dritter, auf deren Inhalte wir keinen Einfluss haben. Deshalb k\u00f6nnen wir f\u00fcr diese fremden Inhalte auch keine Gew\u00e4hr \u00fcbernehmen. F\u00fcr die Inhalte der verlinkten Seiten ist stets der jeweilige Anbieter oder Betreiber der Seiten verantwortlich. Die verlinkten Seiten wurden zum Zeitpunkt der Verlinkung auf m\u00f6gliche Rechtsverst\u00f6\u00dfe \u00fcberpr\u00fcft. Rechtswidrige Inhalte waren zum Zeitpunkt der Verlinkung nicht erkennbar.<\/p>\t\t\t\t\t\t\t\t<\/div>\n\t\t\t\t<\/div>\n\t\t\t\t<\/div>\n\t\t\t\t<\/div>\n\t\t\t\t<\/div>\n\t\t","protected":false},"excerpt":{"rendered":"<p>Impressum Angaben gem\u00e4\u00df \u00a7 5 TMG: Tarif Pro GbRInhaber: Youssef Shamseddin &amp; Nouri AllafBergstr. 53a32547 Bad OeynhausenDeutschland Vertreten durch: Youssef [&hellip;]<\/p>\n","protected":false},"author":4,"featured_media":0,"parent":0,"menu_order":0,"comment_status":"closed","ping_status":"closed","template":"","meta":{"site-sidebar-layout":"no-sidebar","site-content-layout":"","ast-site-content-layout":"full-width-container","site-content-style":"default","site-sidebar-style":"default","ast-global-header-display":"","ast-banner-title-visibility":"","ast-main-header-display":"","ast-hfb-above-header-display":"","ast-hfb-below-header-display":"","ast-hfb-mobile-header-display":"","site-post-title":"disabled","ast-breadcrumbs-content":"","ast-featured-img":"disabled","footer-sml-layout":"","theme-transparent-header-meta":"","adv-header-id-meta":"","stick-header-meta":"","header-above-stick-meta":"","header-main-stick-meta":"","header-below-stick-meta":"","astra-migrate-meta-layouts":"default","ast-page-background-enabled":"default","ast-page-background-meta":{"desktop":{"background-color":"var(--ast-global-color-4)","background-image":"","background-repeat":"repeat","background-position":"center center","background-size":"auto","background-attachment":"scroll","background-type":"","background-media":"","overlay-type":"","overlay-color":"","overlay-opacity":"","overlay-gradient":""},"tablet":{"background-color":"","background-image":"","background-repeat":"repeat","background-position":"center center","background-size":"auto","background-attachment":"scroll","background-type":"","background-media":"","overlay-type":"","overlay-color":"","overlay-opacity":"","overlay-gradient":""},"mobile":{"background-color":"","background-image":"","background-repeat":"repeat","background-position":"center center","background-size":"auto","background-attachment":"scroll","background-type":"","background-media":"","overlay-type":"","overlay-color":"","overlay-opacity":"","overlay-gradient":""}},"ast-content-background-meta":{"desktop":{"background-color":"var(--ast-global-color-5)","background-image":"","background-repeat":"repeat","background-position":"center center","background-size":"auto","background-attachment":"scroll","background-type":"","background-media":"","overlay-type":"","overlay-color":"","overlay-opacity":"","overlay-gradient":""},"tablet":{"background-color":"var(--ast-global-color-5)","background-image":"","background-repeat":"repeat","background-position":"center center","background-size":"auto","background-attachment":"scroll","background-type":"","background-media":"","overlay-type":"","overlay-color":"","overlay-opacity":"","overlay-gradient":""},"mobile":{"background-color":"var(--ast-global-color-5)","background-image":"","background-repeat":"repeat","background-position":"center center","background-size":"auto","background-attachment":"scroll","background-type":"","background-media":"","overlay-type":"","overlay-color":"","overlay-opacity":"","overlay-gradient":""}},"footnotes":""},"class_list":["post-2176","page","type-page","status-publish","hentry"],"yoast_head":"<!-- This site is optimized with the Yoast SEO plugin v25.5 - https:\/\/yoast.com\/wordpress\/plugins\/seo\/ -->\n<title>Impressum - Tarif Pro<\/title>\n<meta name=\"robots\" content=\"index, follow, max-snippet:-1, max-image-preview:large, max-video-preview:-1\" \/>\n<link rel=\"canonical\" href=\"https:\/\/tarif-pro.de\/\/impressum\/\" \/>\n<meta property=\"og:locale\" content=\"de_DE\" \/>\n<meta property=\"og:type\" content=\"article\" \/>\n<meta property=\"og:title\" content=\"Impressum - Tarif Pro\" \/>\n<meta property=\"og:description\" content=\"Impressum Angaben gem\u00e4\u00df \u00a7 5 TMG: Tarif Pro GbRInhaber: Youssef Shamseddin &amp; Nouri AllafBergstr. 53a32547 Bad OeynhausenDeutschland Vertreten durch: Youssef [&hellip;]\" \/>\n<meta property=\"og:url\" content=\"https:\/\/tarif-pro.de\/\/impressum\/\" \/>\n<meta property=\"og:site_name\" content=\"Tarif Pro\" \/>\n<meta property=\"article:publisher\" content=\"https:\/\/www.facebook.com\/share\/1FC8325hTN\/?mibextid=wwXIfr\" \/>\n<meta property=\"article:modified_time\" content=\"2025-04-25T22:48:21+00:00\" \/>\n<meta name=\"twitter:card\" content=\"summary_large_image\" \/>\n<meta name=\"twitter:label1\" content=\"Gesch\u00e4tzte Lesezeit\" \/>\n\t<meta name=\"twitter:data1\" content=\"2\u00a0Minuten\" \/>\n<script type=\"application\/ld+json\" class=\"yoast-schema-graph\">{\"@context\":\"https:\/\/schema.org\",\"@graph\":[{\"@type\":\"WebPage\",\"@id\":\"https:\/\/tarif-pro.de\/\/impressum\/\",\"url\":\"https:\/\/tarif-pro.de\/\/impressum\/\",\"name\":\"Impressum - Tarif Pro\",\"isPartOf\":{\"@id\":\"https:\/\/tarif-pro.de\/#website\"},\"datePublished\":\"2025-01-08T09:19:16+00:00\",\"dateModified\":\"2025-04-25T22:48:21+00:00\",\"breadcrumb\":{\"@id\":\"https:\/\/tarif-pro.de\/\/impressum\/#breadcrumb\"},\"inLanguage\":\"de\",\"potentialAction\":[{\"@type\":\"ReadAction\",\"target\":[\"https:\/\/tarif-pro.de\/\/impressum\/\"]}]},{\"@type\":\"BreadcrumbList\",\"@id\":\"https:\/\/tarif-pro.de\/\/impressum\/#breadcrumb\",\"itemListElement\":[{\"@type\":\"ListItem\",\"position\":1,\"name\":\"Home\",\"item\":\"https:\/\/tarif-pro.de\/\"},{\"@type\":\"ListItem\",\"position\":2,\"name\":\"Impressum\"}]},{\"@type\":\"WebSite\",\"@id\":\"https:\/\/tarif-pro.de\/#website\",\"url\":\"https:\/\/tarif-pro.de\/\",\"name\":\"Tarif Pro\",\"description\":\"Ihrem zuverl\u00e4ssigen Partner f\u00fcr transparente und faire Tarifvergleiche.\",\"publisher\":{\"@id\":\"https:\/\/tarif-pro.de\/#organization\"},\"potentialAction\":[{\"@type\":\"SearchAction\",\"target\":{\"@type\":\"EntryPoint\",\"urlTemplate\":\"https:\/\/tarif-pro.de\/?s={search_term_string}\"},\"query-input\":{\"@type\":\"PropertyValueSpecification\",\"valueRequired\":true,\"valueName\":\"search_term_string\"}}],\"inLanguage\":\"de\"},{\"@type\":\"Organization\",\"@id\":\"https:\/\/tarif-pro.de\/#organization\",\"name\":\"Tarif Pro\",\"url\":\"https:\/\/tarif-pro.de\/\",\"logo\":{\"@type\":\"ImageObject\",\"inLanguage\":\"de\",\"@id\":\"https:\/\/tarif-pro.de\/#\/schema\/logo\/image\/\",\"url\":\"https:\/\/tarif-pro.de\/\\r\\n\/wp-content\/uploads\/2024\/10\/logo-footer.png\",\"contentUrl\":\"https:\/\/tarif-pro.de\/\\r\\n\/wp-content\/uploads\/2024\/10\/logo-footer.png\",\"width\":1076,\"height\":232,\"caption\":\"Tarif Pro\"},\"image\":{\"@id\":\"https:\/\/tarif-pro.de\/#\/schema\/logo\/image\/\"},\"sameAs\":[\"https:\/\/www.facebook.com\/share\/1FC8325hTN\/?mibextid=wwXIfr\",\"https:\/\/www.instagram.com\/tarifpro.de\/\"]}]}<\/script>\n<!-- \/ Yoast SEO plugin. -->","yoast_head_json":{"title":"Impressum - Tarif Pro","robots":{"index":"index","follow":"follow","max-snippet":"max-snippet:-1","max-image-preview":"max-image-preview:large","max-video-preview":"max-video-preview:-1"},"canonical":"https:\/\/tarif-pro.de\/\/impressum\/","og_locale":"de_DE","og_type":"article","og_title":"Impressum - Tarif Pro","og_description":"Impressum Angaben gem\u00e4\u00df \u00a7 5 TMG: Tarif Pro GbRInhaber: Youssef Shamseddin &amp; Nouri AllafBergstr. 53a32547 Bad OeynhausenDeutschland Vertreten durch: Youssef [&hellip;]","og_url":"https:\/\/tarif-pro.de\/\/impressum\/","og_site_name":"Tarif Pro","article_publisher":"https:\/\/www.facebook.com\/share\/1FC8325hTN\/?mibextid=wwXIfr","article_modified_time":"2025-04-25T22:48:21+00:00","twitter_card":"summary_large_image","twitter_misc":{"Gesch\u00e4tzte Lesezeit":"2\u00a0Minuten"},"schema":{"@context":"https:\/\/schema.org","@graph":[{"@type":"WebPage","@id":"https:\/\/tarif-pro.de\/\/impressum\/","url":"https:\/\/tarif-pro.de\/\/impressum\/","name":"Impressum - Tarif Pro","isPartOf":{"@id":"https:\/\/tarif-pro.de\/#website"},"datePublished":"2025-01-08T09:19:16+00:00","dateModified":"2025-04-25T22:48:21+00:00","breadcrumb":{"@id":"https:\/\/tarif-pro.de\/\/impressum\/#breadcrumb"},"inLanguage":"de","potentialAction":[{"@type":"ReadAction","target":["https:\/\/tarif-pro.de\/\/impressum\/"]}]},{"@type":"BreadcrumbList","@id":"https:\/\/tarif-pro.de\/\/impressum\/#breadcrumb","itemListElement":[{"@type":"ListItem","position":1,"name":"Home","item":"https:\/\/tarif-pro.de\/"},{"@type":"ListItem","position":2,"name":"Impressum"}]},{"@type":"WebSite","@id":"https:\/\/tarif-pro.de\/#website","url":"https:\/\/tarif-pro.de\/","name":"Tarif Pro","description":"Ihrem zuverl\u00e4ssigen Partner f\u00fcr transparente und faire Tarifvergleiche.","publisher":{"@id":"https:\/\/tarif-pro.de\/#organization"},"potentialAction":[{"@type":"SearchAction","target":{"@type":"EntryPoint","urlTemplate":"https:\/\/tarif-pro.de\/?s={search_term_string}"},"query-input":{"@type":"PropertyValueSpecification","valueRequired":true,"valueName":"search_term_string"}}],"inLanguage":"de"},{"@type":"Organization","@id":"https:\/\/tarif-pro.de\/#organization","name":"Tarif Pro","url":"https:\/\/tarif-pro.de\/","logo":{"@type":"ImageObject","inLanguage":"de","@id":"https:\/\/tarif-pro.de\/#\/schema\/logo\/image\/","url":"https:\/\/tarif-pro.de\/\r\n\/wp-content\/uploads\/2024\/10\/logo-footer.png","contentUrl":"https:\/\/tarif-pro.de\/\r\n\/wp-content\/uploads\/2024\/10\/logo-footer.png","width":1076,"height":232,"caption":"Tarif Pro"},"image":{"@id":"https:\/\/tarif-pro.de\/#\/schema\/logo\/image\/"},"sameAs":["https:\/\/www.facebook.com\/share\/1FC8325hTN\/?mibextid=wwXIfr","https:\/\/www.instagram.com\/tarifpro.de\/"]}]}},"_links":{"self":[{"href":"https:\/\/tarif-pro.de\/\/wp-json\/wp\/v2\/pages\/2176","targetHints":{"allow":["GET"]}}],"collection":[{"href":"https:\/\/tarif-pro.de\/\/wp-json\/wp\/v2\/pages"}],"about":[{"href":"https:\/\/tarif-pro.de\/\/wp-json\/wp\/v2\/types\/page"}],"author":[{"embeddable":true,"href":"https:\/\/tarif-pro.de\/\/wp-json\/wp\/v2\/users\/4"}],"replies":[{"embeddable":true,"href":"https:\/\/tarif-pro.de\/\/wp-json\/wp\/v2\/comments?post=2176"}],"version-history":[{"count":17,"href":"https:\/\/tarif-pro.de\/\/wp-json\/wp\/v2\/pages\/2176\/revisions"}],"predecessor-version":[{"id":3856,"href":"https:\/\/tarif-pro.de\/\/wp-json\/wp\/v2\/pages\/2176\/revisions\/3856"}],"wp:attachment":[{"href":"https:\/\/tarif-pro.de\/\/wp-json\/wp\/v2\/media?parent=2176"}],"curies":[{"name":"wp","href":"https:\/\/api.w.org\/{rel}","templated":true}]}}